{"id":1426,"date":"2022-02-23T13:55:26","date_gmt":"2022-02-23T12:55:26","guid":{"rendered":"https:\/\/gnuttichiari.77agency.dev\/?page_id=1426"},"modified":"2024-12-09T11:35:43","modified_gmt":"2024-12-09T10:35:43","slug":"privacy-policy","status":"publish","type":"page","link":"https:\/\/www.gnuttichiari.it\/en\/privacy-policy\/","title":{"rendered":"Privacy Policy"},"content":{"rendered":"\n<h2 class=\"wp-block-heading\"><\/h2>\n\n\n\n<p>La presente informativa sui dati di navigazione e sui<em>&nbsp;cookie<\/em>&nbsp;ha lo scopo di esplicare i profili tecnico-informatici sottesi alla navigazione sul sito, nonch\u00e9 di fornire indicazioni circa le azioni per rifiutare o eliminare, se lo si desidera, i cookie presenti sul sito.<br>&nbsp;<br>Per ulteriori informazioni connesse al trattamento dei dati volontariamente trasmessi dall\u2019utente nell\u2019ambito della navigazione sul presente sito, si rinvia all\u2019informativa specifica resa al momento del conferimento.<br><br><strong>Dati di navigazione:<\/strong><br><strong>Premessa.<\/strong>&nbsp;I sistemi informatici e i software deputati al funzionamento del sito web acquisiscono, nel corso del loro normale funzionamento, alcuni dati personali la cui trasmissione \u00e8 implicita con l\u2019utilizzo dei protocolli di comunicazione di rete; tali informazioni non vengono raccolte per essere associate ad utenti ma, per loro stessa natura, se associate con altri dati in possesso di terzi possono consentire l\u2019identificazione dell\u2019utente. In particolare, rientrano in tale categoria di dati gli indirizzi IP (etichetta numerica che identifica univocamente un dispositivo \u201chost\u201d collegato ad una rete informatica che utilizza l\u2019internet protocol), i nomi di dominio dei computer che si connettono al sito e pi\u00f9 in generale, i parametri relativi al sistema operativo e all\u2019ambiente informatico dell\u2019utente.<br><br><strong>Base giuridica e finalit\u00e0 del trattamento.<\/strong><br>Il trattamento \u00e8 fondato sul Suo consenso ed \u00e8 finalizzato:<br>&#8211; alla fruizione del sito;<br>&#8211; all\u2019effettuazione di analisi statistiche. Al riguardo, si precisa che per tale finalit\u00e0 i dati sono trattati in forma aggregata; l\u2019indirizzo IP \u00e8 utilizzato esclusivamente a fini di sicurezza e non viene incrociato con altri dati.<br>Per quanto concerne il trattamento dei dati volontariamente trasmessi dall\u2019utente nell\u2019ambito della navigazione sul presente sito per l\u2019erogazione di specifici servizi\/informazioni, si rinvia all\u2019informativa specifica resa al momento del conferimento.<br>&nbsp;<br><strong>Obbligatoriet\u00e0 del conferimento dei dati di navigazione.<\/strong><br>Il conferimento dei dati di navigazione per le finalit\u00e0 soprindicate \u00e8 facoltativo. Tuttavia il mancato conferimento potrebbe compromettere la navigazione sul presente sito.<br><br><strong>Ambito di comunicazione dei dati<\/strong><br>I dati raccolti verranno trattati esclusivamente da incaricati al trattamento appositamente nominati e da Regesta srl, quali Responsabili del trattamento per i rispettivi adempimenti di competenza.<br>Il web hosting ha sede in UE.<br><br><strong>Diritti dell\u2019interessato<\/strong><br>In qualunque momento potr\u00e0 conoscere i dati che La riguardano, sapere come sono stati acquisiti, verificare se sono esatti, completi, aggiornati e ben custoditi, chiederne la rettifica o la cancellazione ai sensi degli artt. 16 e 17 GDPR. Avr\u00e0 inoltre diritto ricevere i dati personali da Lei forniti e trattati con il suo consenso, in un formato strutturato, di uso comune e leggibile da dispositivo automatico e di revocare in qualsiasi momento il consenso eventualmente prestato relativamente al trattamento dei dati. Ai sensi dell\u2019art. 21 GDPR, avr\u00e0 il diritto di opporsi in tutto od in parte, al trattamento dei dati per motivi connessi alla Sua situazione particolare; qualora i dati siano trattati per finalit\u00e0 di marketing diretto avr\u00e0 il diritto di opporsi in ogni momento al relativo trattamento per tale finalit\u00e0.<br>Tali diritti possono essere esercitati attraverso specifica istanza da indirizzare tramite raccomandata \u2013 o pec &#8211; al Titolare del trattamento.<br>Ha inoltre diritto di proporre reclamo al Garante per la Protezione dei Dati Personali.<br><br><strong>Titolare del trattamento<\/strong><br>Trafilerie Carlo Gnutti S.p.A<br>Via San Bernardino, 23\/A<br>Chiari (BS)<br><br><br><strong>Cookie policy<\/strong><br>&nbsp;<br><strong>COSA SONO I COOKIE?&nbsp;<\/strong>I cookie sono piccoli file di testo inviati dal sito al terminale dell\u2019interessato (solitamente al browser), dove vengono memorizzati per essere poi ritrasmessi al sito alla successiva visita del medesimo utente. Un cookie non pu\u00f2 richiamare nessun altro dato dal disco fisso dell\u2019utente n\u00e9 trasmettere virus informatici o acquisire indirizzi e-mail. Ogni cookie \u00e8 unico per il web browser dell\u2019utente. Alcune delle funzioni dei cookie possono essere demandate ad altre tecnologie.<br>Mediante i cookie \u00e8 possibile registrare informazioni relative alle sue preferenze, come le pagine navigate o il download di file dal nostro sito o altre azioni similari effettuate durante la navigazione.<br><strong>COOKIE DI PRIMA O DI TERZA PARTE&nbsp;<\/strong>I cookie possono essere di prima o di terza parte, dove per \u201cprima parte\u201d si intendono i cookie installati dal Titolare del sito stesso, mentre per \u201cterza parte\u201d si intendono i cookie installati da Terzi rispetto il Titolare del sito.<\/p>\n\n\n\n<p><strong>NATURA DEI COOKIE&nbsp;<\/strong>Esistono diversi tipi di cookie:<\/p>\n\n\n\n<p><strong>Cookie tecnici&nbsp;<\/strong>I cookie tecnici sono quelli utilizzati al solo fine di \u201ceffettuare la trasmissione di una comunicazione su una rete di comunicazione elettronica, o nella misura strettamente necessaria al fornitore di un servizio della societ\u00e0 dell\u2019informazione esplicitamente richiesto dall\u2019abbonato o dall\u2019utente a erogare tale servizio\u201d (cfr. art. 122, comma 1, del Codice).<br>Essi non vengono utilizzati per scopi ulteriori e sono normalmente installati direttamente dal titolare o gestore del sito web. Possono essere suddivisi in:<br>\u2013 cookie di navigazione o di sessione, che garantiscono la normale navigazione e fruizione del sito web (permettendo, ad esempio, di realizzare un acquisto o autenticarsi per accedere ad aree riservate); essi sono di fatto necessari per il corretto funzionamento del sito;<br>\u2013&nbsp;<em>cookie analytics<\/em>, assimilati ai cookie tecnici laddove utilizzati direttamente dal gestore del sito per raccogliere informazioni, in forma aggregata, sul numero degli utenti e su come questi visitano il sito stesso, al fine di migliorare le performance del sito;<br>\u2013 cookie di funzionalit\u00e0, che permettono all\u2019utente la navigazione in funzione di una serie di criteri selezionati (ad esempio, la lingua, i prodotti selezionati per l\u2019acquisto) al fine di migliorare il servizio reso allo stesso. Per l\u2019installazione di tali cookie non \u00e8 richiesto il preventivo consenso degli utenti (pi\u00f9 informazioni nel paragrafo Gestione dei cookie in basso).<\/p>\n\n\n\n<p><strong>Cookie di profilazione&nbsp;<\/strong>I cookie di profilazione sono volti a creare profili relativi all\u2019utente e vengono utilizzati al fine di inviare messaggi pubblicitari in linea con le preferenze manifestate dallo stesso nell\u2019ambito della navigazione in rete.<br>Per l\u2019utilizzo dei cookie di profilazione \u00e8 richiesto il consenso dell\u2019interessato. Secondo il provvedimento n. 229 dell\u20198 maggio 2014 l\u2019utente deve poter autorizzare o negare il consenso all\u2019installazione dei cookie di profilazione qualora essi siano presenti.<br>In caso di cookie di terze parti, il sito non ha un controllo diretto dei singoli cookie e non pu\u00f2 controllarli (non pu\u00f2 n\u00e9 installarli direttamente n\u00e9 cancellarli). Puoi comunque gestire questi cookie attraverso le impostazioni del browser (segui le istruzioni riportate pi\u00f9 avanti), o i siti indicati nella sezione \u201cGestione dei cookie\u201d.<br>L\u2019Utente \u00e8 pertanto invitato a verificare sul sito della terza parte indicato di seguito.<\/p>\n\n\n\n<p><strong>COOKIE INSTALLATI SU QUESTO SITO&nbsp;<\/strong><\/p>\n\n\n\n<p>Ecco l\u2019elenco dei cookie presenti sul sito:&nbsp;<\/p>\n\n\n\n<p><strong>PHPSESSID<\/strong>: Durata, sessione.&nbsp;<br>Preserva gli stati dell&#8217;utente nelle diverse pagine del sito.&nbsp;<\/p>\n\n\n\n<p><strong>wp-wpml_current_language<\/strong>: Durata, sessione.&nbsp;<br>Determina il prefisso internazionale calcolato sulla base dell&#8217;indirizzo IP dell&#8217;utente. Utilizzato per determinare quale lingua deve essere utilizzata per utenti.&nbsp;<\/p>\n\n\n\n<p><strong>WordPress_sec_[hash]<\/strong>: Durata sessione.&nbsp;<br>Questo cookie memorizza i dettagli di autenticazione al momento del login. \u00c8 limitato all\u2019area amministrativa, fornendo un ulteriore livello di sicurezza ed assicurando che solo gli utenti autenticati possano accedere al backend del sito web. Questo aiuta a prevenire accessi non autorizzati.&nbsp;<\/p>\n\n\n\n<p><strong>wordpress_logged_in_[hash]<\/strong>: Durata sessione.&nbsp;<br>Questo cookie aiuta l\u2019interfaccia a riconoscere che sei loggato. Determina quale account e preferenze utilizzare per le varie funzionalit\u00e0, garantendo un\u2019esperienza fluida mentre navighi nel sito.&nbsp;<br>&nbsp;<br><strong>wordpress_test_cookie<\/strong>: Durate sessione&nbsp;<br>Verifica che il browser accetti i cookie.<\/p>\n\n\n\n<p><br><strong>DURATA DEI COOKIE&nbsp;<\/strong>I cookie hanno una durata dettata dalla data di scadenza (o da un\u2019azione specifica come la chiusura del browser) impostata al momento dell\u2019installazione. I cookie possono essere:<br>\u2022 temporanei o di sessione (session cookie): sono utilizzati per archiviare informazioni temporanee, consentono di collegare le azioni eseguite durante una sessione specifica e vengono rimossi dal computer alla chiusura del browser;<br>\u2022 permanenti (persistent cookie): sono utilizzati per archiviare informazioni, ad esempio il nome e la password di accesso, in modo da evitare che l\u2019utente debba digitarli nuovamente ogni volta che visita un sito specifico. Questi rimangono memorizzati nel computer anche dopo aver chiuso il browser.<br>&nbsp;<br>I c.d. cookies di sessione, una volta terminata la connessione al presente sito web, non vengono conservati. I sistemi informatici utilizzati per il presente sito utilizzano solo cookie di sessione.<br>&nbsp;<br><strong>GESTIONE DEI COOKIE&nbsp;<\/strong>Puoi disattivare i cookies presenti sul sito scaricando l\u2019apposito software Ghostery (https:\/\/www.ghostery.com\/en\/try-us\/download-add-on\/) per il tuo browser e disabilitando l\u2019utilizzo dei singoli cookies. Oppure puoi attivare la modalit\u00e0 di \u201cnavigazione anonima\u201d \u2013 si tratta di una funzione che consente di navigare senza lasciare traccia nel browser dei dati di navigazione. Tale funzione consente unicamente di non mantenere i dati di navigazione nel browser.<br>In alternativa, puoi disabilitare\/cancellare i cookie mediante l\u2019accesso al pannello di configurazione del tuo browser. Riportiamo di seguito il link ai pannelli di configurazione di alcuni browser noti<\/p>\n\n\n\n<figure class=\"wp-block-table\"><table class=\"has-fixed-layout\"><tbody><tr><td><strong>Chrome<\/strong><\/td><td>Per maggiori informazioni visita la pagina dedicata (https:\/\/support.google.com\/accounts\/answer\/61416?hl=en)<\/td><\/tr><tr><td><strong>Mozilla Firefox<\/strong><\/td><td>Per maggiori informazioni visita la pagina dedicata (https:\/\/support.mozilla.org\/en-US\/kb\/enable-and-disable-cookies-website-preferences)<\/td><\/tr><tr><td><strong>Internet Explorer<\/strong><\/td><td>Per maggiori informazioni visita la pagina dedicata (https:\/\/support.microsoft.com\/it-it\/help\/17442\/windows-internet-explorer-delete-manage-cookies)<\/td><\/tr><tr><td><strong>Microsoft Edge<\/strong><\/td><td>Per maggiori informazioni visita la pagina dedicata (https:\/\/privacy.microsoft.com\/it-IT\/windows-10-microsoft-edge-and-privacy)<\/td><\/tr><tr><td><strong>Safari 6<\/strong><\/td><td>Per maggiori informazioni visita la pagina dedicata (https:\/\/support.apple.com\/kb\/PH17191?locale=it_IT)<\/td><\/tr><tr><td><strong>Safari iOS&nbsp;<\/strong>(dispositivi mobile)<\/td><td>Per maggiori informazioni visita la pagina dedicata (https:\/\/support.apple.com\/en-us\/HT201265)<\/td><\/tr><tr><td><strong>Opera<\/strong><\/td><td>Per maggiori informazioni visita la pagina dedicata (http:\/\/www.opera.com\/help\/tutorials\/security\/privacy\/)<\/td><\/tr><\/tbody><\/table><\/figure>\n\n\n\n<p><br>&nbsp;<br><strong>ACCETTAZIONE E RINUNCIA DEI COOKIE<\/strong><br>Proseguendo nella navigazione su questo si accetta la Cookie Policy e verranno impostati e raccolti i cookie. In caso di mancata accettazione dei cookie mediante abbandono della navigazione, eventuali cookie gi\u00e0 registrati localmente nel Suo browser rimarranno ivi registrati ma non saranno pi\u00f9 letti n\u00e9 utilizzati da noi fino ad una successiva ed eventuale accettazione della Policy. Lei avr\u00e0 sempre la possibilit\u00e0 di rimuovere tali cookie in qualsiasi momento attraverso le modalit\u00e0 citate.<\/p>\n","protected":false},"excerpt":{"rendered":"<p>La presente informativa sui dati di navigazione e sui&nbsp;cookie&nbsp;ha lo scopo di esplicare i profili tecnico-informatici sottesi alla navigazione sul sito, nonch\u00e9 di fornire indicazioni circa le azioni per rifiutare o eliminare, se lo si desidera, i cookie presenti sul sito.&nbsp;Per ulteriori informazioni connesse al trattamento dei dati volontariamente trasmessi dall\u2019utente nell\u2019ambito della navigazione sul [&hellip;]<\/p>\n","protected":false},"author":5,"featured_media":0,"parent":0,"menu_order":0,"comment_status":"closed","ping_status":"closed","template":"","meta":{"_acf_changed":false,"_relevanssi_hide_post":"","_relevanssi_hide_content":"","_relevanssi_pin_for_all":"","_relevanssi_pin_keywords":"","_relevanssi_unpin_keywords":"","_relevanssi_related_keywords":"","_relevanssi_related_include_ids":"","_relevanssi_related_exclude_ids":"","_relevanssi_related_no_append":"","_relevanssi_related_not_related":"","_relevanssi_related_posts":"","_relevanssi_noindex_reason":"","footnotes":""},"class_list":["post-1426","page","type-page","status-publish","hentry"],"acf":[],"yoast_head":"<!-- This site is optimized with the Yoast SEO plugin v25.1 - https:\/\/yoast.com\/wordpress\/plugins\/seo\/ -->\n<title>Privacy Policy - Gnutti<\/title>\n<meta name=\"description\" content=\"Read our Privacy Policy to understand how we collect, use, and protect your personal data in compliance with applicable regulations.\" \/>\n<meta name=\"robots\" content=\"index, follow, max-snippet:-1, max-image-preview:large, max-video-preview:-1\" \/>\n<link rel=\"canonical\" href=\"https:\/\/www.gnuttichiari.it\/en\/privacy-policy\/\" \/>\n<meta property=\"og:locale\" content=\"en_US\" \/>\n<meta property=\"og:type\" content=\"article\" \/>\n<meta property=\"og:title\" content=\"Privacy Policy - Gnutti\" \/>\n<meta property=\"og:description\" content=\"Read our Privacy Policy to understand how we collect, use, and protect your personal data in compliance with applicable regulations.\" \/>\n<meta property=\"og:url\" content=\"https:\/\/www.gnuttichiari.it\/en\/privacy-policy\/\" \/>\n<meta property=\"og:site_name\" content=\"Gnutti\" \/>\n<meta property=\"article:modified_time\" content=\"2024-12-09T10:35:43+00:00\" \/>\n<meta name=\"twitter:card\" content=\"summary_large_image\" \/>\n<meta name=\"twitter:label1\" content=\"Est. reading time\" \/>\n\t<meta name=\"twitter:data1\" content=\"7 minutes\" \/>\n<script type=\"application\/ld+json\" class=\"yoast-schema-graph\">{\"@context\":\"https:\/\/schema.org\",\"@graph\":[{\"@type\":\"WebPage\",\"@id\":\"https:\/\/www.gnuttichiari.it\/en\/privacy-policy\/\",\"url\":\"https:\/\/www.gnuttichiari.it\/en\/privacy-policy\/\",\"name\":\"Privacy Policy - Gnutti\",\"isPartOf\":{\"@id\":\"https:\/\/www.gnuttichiari.it\/en\/#website\"},\"datePublished\":\"2022-02-23T12:55:26+00:00\",\"dateModified\":\"2024-12-09T10:35:43+00:00\",\"description\":\"Read our Privacy Policy to understand how we collect, use, and protect your personal data in compliance with applicable regulations.\",\"breadcrumb\":{\"@id\":\"https:\/\/www.gnuttichiari.it\/en\/privacy-policy\/#breadcrumb\"},\"inLanguage\":\"en-US\",\"potentialAction\":[{\"@type\":\"ReadAction\",\"target\":[\"https:\/\/www.gnuttichiari.it\/en\/privacy-policy\/\"]}]},{\"@type\":\"BreadcrumbList\",\"@id\":\"https:\/\/www.gnuttichiari.it\/en\/privacy-policy\/#breadcrumb\",\"itemListElement\":[{\"@type\":\"ListItem\",\"position\":1,\"name\":\"Home\",\"item\":\"https:\/\/www.gnuttichiari.it\/en\/\"},{\"@type\":\"ListItem\",\"position\":2,\"name\":\"Privacy Policy\"}]},{\"@type\":\"WebSite\",\"@id\":\"https:\/\/www.gnuttichiari.it\/en\/#website\",\"url\":\"https:\/\/www.gnuttichiari.it\/en\/\",\"name\":\"Gnutti\",\"description\":\"Trafilerie Carlo Gnutti\",\"potentialAction\":[{\"@type\":\"SearchAction\",\"target\":{\"@type\":\"EntryPoint\",\"urlTemplate\":\"https:\/\/www.gnuttichiari.it\/en\/?s={search_term_string}\"},\"query-input\":{\"@type\":\"PropertyValueSpecification\",\"valueRequired\":true,\"valueName\":\"search_term_string\"}}],\"inLanguage\":\"en-US\"}]}<\/script>\n<!-- \/ Yoast SEO plugin. -->","yoast_head_json":{"title":"Privacy Policy - Gnutti","description":"Read our Privacy Policy to understand how we collect, use, and protect your personal data in compliance with applicable regulations.","robots":{"index":"index","follow":"follow","max-snippet":"max-snippet:-1","max-image-preview":"max-image-preview:large","max-video-preview":"max-video-preview:-1"},"canonical":"https:\/\/www.gnuttichiari.it\/en\/privacy-policy\/","og_locale":"en_US","og_type":"article","og_title":"Privacy Policy - Gnutti","og_description":"Read our Privacy Policy to understand how we collect, use, and protect your personal data in compliance with applicable regulations.","og_url":"https:\/\/www.gnuttichiari.it\/en\/privacy-policy\/","og_site_name":"Gnutti","article_modified_time":"2024-12-09T10:35:43+00:00","twitter_card":"summary_large_image","twitter_misc":{"Est. reading time":"7 minutes"},"schema":{"@context":"https:\/\/schema.org","@graph":[{"@type":"WebPage","@id":"https:\/\/www.gnuttichiari.it\/en\/privacy-policy\/","url":"https:\/\/www.gnuttichiari.it\/en\/privacy-policy\/","name":"Privacy Policy - Gnutti","isPartOf":{"@id":"https:\/\/www.gnuttichiari.it\/en\/#website"},"datePublished":"2022-02-23T12:55:26+00:00","dateModified":"2024-12-09T10:35:43+00:00","description":"Read our Privacy Policy to understand how we collect, use, and protect your personal data in compliance with applicable regulations.","breadcrumb":{"@id":"https:\/\/www.gnuttichiari.it\/en\/privacy-policy\/#breadcrumb"},"inLanguage":"en-US","potentialAction":[{"@type":"ReadAction","target":["https:\/\/www.gnuttichiari.it\/en\/privacy-policy\/"]}]},{"@type":"BreadcrumbList","@id":"https:\/\/www.gnuttichiari.it\/en\/privacy-policy\/#breadcrumb","itemListElement":[{"@type":"ListItem","position":1,"name":"Home","item":"https:\/\/www.gnuttichiari.it\/en\/"},{"@type":"ListItem","position":2,"name":"Privacy Policy"}]},{"@type":"WebSite","@id":"https:\/\/www.gnuttichiari.it\/en\/#website","url":"https:\/\/www.gnuttichiari.it\/en\/","name":"Gnutti","description":"Trafilerie Carlo Gnutti","potentialAction":[{"@type":"SearchAction","target":{"@type":"EntryPoint","urlTemplate":"https:\/\/www.gnuttichiari.it\/en\/?s={search_term_string}"},"query-input":{"@type":"PropertyValueSpecification","valueRequired":true,"valueName":"search_term_string"}}],"inLanguage":"en-US"}]}},"_links":{"self":[{"href":"https:\/\/www.gnuttichiari.it\/en\/wp-json\/wp\/v2\/pages\/1426","targetHints":{"allow":["GET"]}}],"collection":[{"href":"https:\/\/www.gnuttichiari.it\/en\/wp-json\/wp\/v2\/pages"}],"about":[{"href":"https:\/\/www.gnuttichiari.it\/en\/wp-json\/wp\/v2\/types\/page"}],"author":[{"embeddable":true,"href":"https:\/\/www.gnuttichiari.it\/en\/wp-json\/wp\/v2\/users\/5"}],"replies":[{"embeddable":true,"href":"https:\/\/www.gnuttichiari.it\/en\/wp-json\/wp\/v2\/comments?post=1426"}],"version-history":[{"count":2,"href":"https:\/\/www.gnuttichiari.it\/en\/wp-json\/wp\/v2\/pages\/1426\/revisions"}],"predecessor-version":[{"id":2337,"href":"https:\/\/www.gnuttichiari.it\/en\/wp-json\/wp\/v2\/pages\/1426\/revisions\/2337"}],"wp:attachment":[{"href":"https:\/\/www.gnuttichiari.it\/en\/wp-json\/wp\/v2\/media?parent=1426"}],"curies":[{"name":"wp","href":"https:\/\/api.w.org\/{rel}","templated":true}]}}